{"id":33854,"date":"2025-02-18T15:56:05","date_gmt":"2025-02-18T14:56:05","guid":{"rendered":"https:\/\/hestiasesores.com\/datenschutzrichtlinie\/"},"modified":"2025-02-18T16:33:13","modified_gmt":"2025-02-18T15:33:13","slug":"datenschutzrichtlinie","status":"publish","type":"page","link":"https:\/\/hestiasesores.com\/de\/datenschutzrichtlinie\/","title":{"rendered":"Datenschutzbestimmungen"},"content":{"rendered":"\t\t<div data-elementor-type=\"wp-page\" data-elementor-id=\"33854\" class=\"elementor elementor-33854 elementor-33852\" data-elementor-post-type=\"page\">\n\t\t\t\t<div class=\"elementor-element elementor-element-bafc8de e-flex e-con-boxed e-con e-parent\" data-id=\"bafc8de\" data-element_type=\"container\">\n\t\t\t\t\t<div class=\"e-con-inner\">\n\t\t\t\t<div class=\"elementor-element elementor-element-ab33b4e elementor-widget elementor-widget-spacer\" data-id=\"ab33b4e\" data-element_type=\"widget\" data-widget_type=\"spacer.default\">\n\t\t\t\t<div class=\"elementor-widget-container\">\n\t\t\t\t\t\t\t<div class=\"elementor-spacer\">\n\t\t\t<div class=\"elementor-spacer-inner\"><\/div>\n\t\t<\/div>\n\t\t\t\t\t\t<\/div>\n\t\t\t\t<\/div>\n\t\t\t\t<div class=\"elementor-element elementor-element-a5cf775 elementor-widget elementor-widget-text-editor\" data-id=\"a5cf775\" data-element_type=\"widget\" data-widget_type=\"text-editor.default\">\n\t\t\t\t<div class=\"elementor-widget-container\">\n\t\t\t\t\t\t\t\t\t<p data-pm-slice=\"1 1 []\">Wir bei <strong>Hestia Asesores Inmobiliarios<\/strong> verpflichten uns, die Privatsph\u00e4re und die Sicherheit der pers\u00f6nlichen Daten unserer Kunden und Nutzer zu sch\u00fctzen. In dieser Datenschutzrichtlinie wird erl\u00e4utert, wie wir Ihre pers\u00f6nlichen Daten in \u00dcbereinstimmung mit den geltenden Datenschutzbestimmungen erfassen, verwenden, speichern und sch\u00fctzen. <\/p>\n<h3>1. Informationen, die wir sammeln<\/h3>\n<p>Wir erfassen personenbezogene Daten, die Sie uns direkt zur Verf\u00fcgung stellen, wenn Sie mit uns Kontakt aufnehmen, unsere Dienstleistungen anfordern oder mit unserer Website interagieren. Diese Daten k\u00f6nnen umfassen: <\/p>\n<ul data-spread=\"false\">\n<li>\n<p>Vollst\u00e4ndiger Name<\/p>\n<\/li>\n<li>\n<p>E-Mail Adresse<\/p>\n<\/li>\n<li>\n<p>Rufnummer<\/p>\n<\/li>\n<li>\n<p>Postanschrift<\/p>\n<\/li>\n<li>\n<p>Informationen \u00fcber Eigenschaften von Interesse<\/p>\n<\/li>\n<li>\n<p>Alle anderen Informationen, die Sie freiwillig angeben<\/p>\n<\/li>\n<\/ul>\n<h3>2. Verwendung von Informationen<\/h3>\n<p>Die gesammelten Informationen werden f\u00fcr die folgenden Zwecke verwendet:<\/p>\n<ul data-spread=\"false\">\n<li>\n<p>Verwaltung und Beantwortung Ihrer Anfragen<\/p>\n<\/li>\n<li>\n<p>Bereitstellung von Informationen \u00fcber unsere Immobiliendienstleistungen<\/p>\n<\/li>\n<li>\n<p>Zusendung kommerzieller Mitteilungen, wenn Sie Ihre Zustimmung gegeben haben<\/p>\n<\/li>\n<li>\n<p>Einhaltung unserer rechtlichen und regulatorischen Verpflichtungen<\/p>\n<\/li>\n<li>\n<p>Verbesserung unserer Dienstleistungen und der Benutzererfahrung auf unserer Website<\/p>\n<\/li>\n<\/ul>\n<h3>3. Rechtsgrundlage f\u00fcr die Datenverarbeitung<\/h3>\n<p>Die Verarbeitung Ihrer pers\u00f6nlichen Daten erfolgt auf der Grundlage:<\/p>\n<ul data-spread=\"false\">\n<li>\n<p>Ihre ausdr\u00fcckliche Zustimmung bei der Bereitstellung Ihrer Informationen<\/p>\n<\/li>\n<li>\n<p>Die Ausf\u00fchrung eines Vertrags oder vorvertraglicher Ma\u00dfnahmen<\/p>\n<\/li>\n<li>\n<p>Einhaltung der geltenden rechtlichen Verpflichtungen<\/p>\n<\/li>\n<li>\n<p>Unser berechtigtes Interesse an der Verbesserung unserer Dienste und der Gew\u00e4hrleistung der Sicherheit der Plattform<\/p>\n<\/li>\n<\/ul>\n<h3>4. Gemeinsame Nutzung von Daten<\/h3>\n<p>Wir geben Ihre pers\u00f6nlichen Daten nicht an Dritte weiter, au\u00dfer in den folgenden F\u00e4llen:<\/p>\n<ul data-spread=\"false\">\n<li>\n<p>Wenn dies f\u00fcr die Erbringung unserer Dienstleistungen erforderlich ist (z.B. mit Immobilienmaklern oder Notaren im Rahmen von Vertraulichkeitsvereinbarungen)<\/p>\n<\/li>\n<li>\n<p>Einhaltung der gesetzlichen Verpflichtungen<\/p>\n<\/li>\n<li>\n<p>Technologiedienstleister, die uns beim Betrieb unserer Website und Kommunikationssysteme helfen<\/p>\n<\/li>\n<\/ul>\n<h3>5. Datensicherheit<\/h3>\n<p>Wir setzen technische und organisatorische Ma\u00dfnahmen ein, um Ihre pers\u00f6nlichen Daten vor unberechtigtem Zugriff, Verlust oder Ver\u00e4nderung zu sch\u00fctzen. Wir k\u00f6nnen jedoch keine absolute Sicherheit f\u00fcr Daten, die \u00fcber das Internet \u00fcbertragen werden, garantieren. <\/p>\n<h3>6. Benutzerrechte<\/h3>\n<p>Als Nutzer haben Sie das Recht auf:<\/p>\n<ul data-spread=\"false\">\n<li>\n<p>Zugang zu Ihren pers\u00f6nlichen Daten<\/p>\n<\/li>\n<li>\n<p>Korrigieren Sie falsche oder unvollst\u00e4ndige Informationen<\/p>\n<\/li>\n<li>\n<p>die L\u00f6schung Ihrer Daten zu verlangen, wenn diese nicht mehr erforderlich sind<\/p>\n<\/li>\n<li>\n<p>Widerspruch gegen die Verarbeitung Ihrer Daten f\u00fcr bestimmte Zwecke<\/p>\n<\/li>\n<li>\n<p>Beantragen Sie die \u00dcbertragbarkeit Ihrer Daten<\/p>\n<\/li>\n<li>\n<p>Ihre Zustimmung jederzeit widerrufen<\/p>\n<\/li>\n<\/ul>\n<p>Um diese Rechte auszu\u00fcben, k\u00f6nnen Sie uns kontaktieren unter <a><strong><span \n                data-original-string='CFGVBj+DF7k9Aj2h1\/So6Q==8f3r71WjoV0EK2iyRj7O7VfdNv50kAxDsrZHOSDGj17zYU='\n                class='apbct-email-encoder'\n                title='Dieser Kontakt wurde von Anti-Spam by CleanTalk verschl\u00fcsselt. Klicken Sie hier, um ihn zu entschl\u00fcsseln. Um die Entschl\u00fcsselung abzuschlie\u00dfen, stellen Sie sicher, dass JavaScript in Ihrem Browser aktiviert ist.'>in<span class=\"apbct-blur\">**<\/span>@<span class=\"apbct-blur\">***********<\/span>es.com<\/span><\/strong><\/a> oder unter unserer Anschrift <strong>[Company Address]<\/strong>.<\/p>\n<h3>7. Cookies und \u00e4hnliche Technologien<\/h3>\n<p>Unsere Website verwendet Cookies, um die Benutzerfreundlichkeit zu verbessern. F\u00fcr weitere Informationen lesen Sie bitte unsere   <strong>[Cookie Policy]<\/strong>.<\/p>\n<h3>8. \u00c4nderungen der Datenschutzbestimmungen<\/h3>\n<p>Wir behalten uns das Recht vor, diese Datenschutzrichtlinie jederzeit zu \u00e4ndern. Alle \u00c4nderungen werden auf dieser Seite ver\u00f6ffentlicht und gegebenenfalls den Nutzern mitgeteilt. <\/p>\n<p>Wenn Sie Fragen zu dieser Datenschutzrichtlinie haben, z\u00f6gern Sie bitte nicht, uns zu kontaktieren.<\/p>\n\t\t\t\t\t\t\t\t<\/div>\n\t\t\t\t<\/div>\n\t\t\t\t\t<\/div>\n\t\t\t\t<\/div>\n\t\t\t\t<\/div>\n\t\t","protected":false},"excerpt":{"rendered":"<p>Wir bei Hestia Asesores Inmobiliarios verpflichten uns, die Privatsph\u00e4re und die Sicherheit der pers\u00f6nlichen Daten unserer Kunden und Nutzer zu sch\u00fctzen. In dieser Datenschutzrichtlinie wird erl\u00e4utert, wie wir Ihre pers\u00f6nlichen Daten in \u00dcbereinstimmung mit den geltenden Datenschutzbestimmungen erfassen, verwenden, speichern und sch\u00fctzen. 1. Informationen, die wir sammeln Wir erfassen personenbezogene Daten, die Sie uns direkt zur Verf\u00fcgung stellen, wenn Sie mit uns Kontakt aufnehmen, &#8230;<\/p>\n","protected":false},"author":2,"featured_media":0,"parent":0,"menu_order":0,"comment_status":"closed","ping_status":"closed","template":"","meta":{"_monsterinsights_skip_tracking":false,"_monsterinsights_sitenote_active":false,"_monsterinsights_sitenote_note":"","_monsterinsights_sitenote_category":0,"footnotes":""},"class_list":["post-33854","page","type-page","status-publish","hentry"],"_links":{"self":[{"href":"https:\/\/hestiasesores.com\/de\/wp-json\/wp\/v2\/pages\/33854","targetHints":{"allow":["GET"]}}],"collection":[{"href":"https:\/\/hestiasesores.com\/de\/wp-json\/wp\/v2\/pages"}],"about":[{"href":"https:\/\/hestiasesores.com\/de\/wp-json\/wp\/v2\/types\/page"}],"author":[{"embeddable":true,"href":"https:\/\/hestiasesores.com\/de\/wp-json\/wp\/v2\/users\/2"}],"replies":[{"embeddable":true,"href":"https:\/\/hestiasesores.com\/de\/wp-json\/wp\/v2\/comments?post=33854"}],"version-history":[{"count":4,"href":"https:\/\/hestiasesores.com\/de\/wp-json\/wp\/v2\/pages\/33854\/revisions"}],"predecessor-version":[{"id":33906,"href":"https:\/\/hestiasesores.com\/de\/wp-json\/wp\/v2\/pages\/33854\/revisions\/33906"}],"wp:attachment":[{"href":"https:\/\/hestiasesores.com\/de\/wp-json\/wp\/v2\/media?parent=33854"}],"curies":[{"name":"wp","href":"https:\/\/api.w.org\/{rel}","templated":true}]}}