{"id":33870,"date":"2025-02-18T15:59:55","date_gmt":"2025-02-18T14:59:55","guid":{"rendered":"https:\/\/hestiasesores.com\/politik-der-cookies\/"},"modified":"2025-02-18T16:29:26","modified_gmt":"2025-02-18T15:29:26","slug":"politik-der-cookies","status":"publish","type":"page","link":"https:\/\/hestiasesores.com\/de\/politik-der-cookies\/","title":{"rendered":"Cookies Politik"},"content":{"rendered":"\t\t<div data-elementor-type=\"wp-page\" data-elementor-id=\"33870\" class=\"elementor elementor-33870 elementor-33863\" data-elementor-post-type=\"page\">\n\t\t\t\t<div class=\"elementor-element elementor-element-bafc8de e-flex e-con-boxed e-con e-parent\" data-id=\"bafc8de\" data-element_type=\"container\">\n\t\t\t\t\t<div class=\"e-con-inner\">\n\t\t\t\t<div class=\"elementor-element elementor-element-ab33b4e elementor-widget elementor-widget-spacer\" data-id=\"ab33b4e\" data-element_type=\"widget\" data-widget_type=\"spacer.default\">\n\t\t\t\t<div class=\"elementor-widget-container\">\n\t\t\t\t\t\t\t<div class=\"elementor-spacer\">\n\t\t\t<div class=\"elementor-spacer-inner\"><\/div>\n\t\t<\/div>\n\t\t\t\t\t\t<\/div>\n\t\t\t\t<\/div>\n\t\t\t\t<div class=\"elementor-element elementor-element-a5cf775 elementor-widget elementor-widget-text-editor\" data-id=\"a5cf775\" data-element_type=\"widget\" data-widget_type=\"text-editor.default\">\n\t\t\t\t<div class=\"elementor-widget-container\">\n\t\t\t\t\t\t\t\t\t<p data-pm-slice=\"1 1 []\">Bei <strong>Hestia Asesores Inmobiliarios<\/strong> verwenden wir Cookies und \u00e4hnliche Technologien, um die Erfahrung der Nutzer auf unserer Website zu verbessern. Diese Cookie-Richtlinie erkl\u00e4rt, was Cookies sind, wie wir sie verwenden und wie Sie sie verwalten k\u00f6nnen.<\/p>\n<h3>1. Was sind Cookies?<\/h3>\n<p>Cookies sind kleine Textdateien, die auf Ihrem Ger\u00e4t gespeichert werden, wenn Sie eine Website besuchen. Sie werden verwendet, um Informationen \u00fcber Ihren Besuch zu speichern und Ihr Surferlebnis zu verbessern.<\/p>\n<h3>2. Arten von Cookies, die wir verwenden<\/h3>\n<p>Auf unserer Website verwenden wir die folgenden Arten von Cookies:<\/p>\n<ul data-spread=\"false\">\n<li>\n<p><strong>Unverzichtbare Cookies:<\/strong> Notwendig f\u00fcr die Funktionalit\u00e4t der Website und k\u00f6nnen in unseren Systemen nicht deaktiviert werden.<\/p>\n<\/li>\n<li>\n<p><strong>Leistungs-Cookies:<\/strong> Erm\u00f6glichen es uns zu analysieren, wie Benutzer mit unserer Website interagieren, um ihren Betrieb zu verbessern.<\/p>\n<\/li>\n<li>\n<p><strong>Funktionale Cookies:<\/strong> Erleichtern die Personalisierung der Benutzererfahrung, indem sie sich an Pr\u00e4ferenzen erinnern.<\/p>\n<\/li>\n<li>\n<p><strong>Werbe-Cookies:<\/strong> Werden verwendet, um relevante Werbung auf der Grundlage Ihrer Interessen und Surfgewohnheiten anzuzeigen.<\/p>\n<\/li>\n<\/ul>\n<h3>3. Wie verwaltet man Cookies?<\/h3>\n<p>Sie k\u00f6nnen Ihren Browser so konfigurieren, dass er Cookies akzeptiert oder ablehnt. Nachfolgend finden Sie Links zu Anleitungen f\u00fcr einige h\u00e4ufig verwendete Browser:<\/p>\n<ul data-spread=\"false\">\n<li>\n<p><strong>Google Chrome<\/strong><\/p>\n<\/li>\n<li>\n<p><strong>Mozilla Firefox<\/strong><\/p>\n<\/li>\n<li>\n<p><strong>Safari<\/strong><\/p>\n<\/li>\n<li>\n<p><strong>Microsoft Edge<\/strong><\/p>\n<\/li>\n<\/ul>\n<p>Bitte beachten Sie, dass die Deaktivierung einiger Cookies die Funktionalit\u00e4t der Website beeintr\u00e4chtigen kann.<\/p>\n<h3>4. \u00c4nderungen an der Cookie-Richtlinie<\/h3>\n<p>Wir behalten uns das Recht vor, diese Cookie-Richtlinie jederzeit zu \u00e4ndern. Alle \u00c4nderungen werden auf dieser Seite ver\u00f6ffentlicht und gegebenenfalls den Nutzern mitgeteilt.<\/p>\n<p>Wenn Sie Fragen zu unserer Cookie-Richtlinie haben, k\u00f6nnen Sie uns unter<a>[<span \n                data-original-string='xFJTztRsFrm2RTny3qt+Lw==8f3jlMVYgsjTLSa1JO0rDj5NSgCvRBwWyp8zSs+s111GaA='\n                class='apbct-email-encoder'\n                title='Dieser Kontakt wurde von Anti-Spam by CleanTalk verschl\u00fcsselt. Klicken Sie hier, um ihn zu entschl\u00fcsseln. Um die Entschl\u00fcsselung abzuschlie\u00dfen, stellen Sie sicher, dass JavaScript in Ihrem Browser aktiviert ist.'>in<span class=\"apbct-blur\">**<\/span>@<span class=\"apbct-blur\">***********<\/span>es.com<\/span>]<\/a> oder unter unserer physischen Adresse kontaktieren: [C. Lepanto, 14, 30600 Archena, Murcia, Spanien].<\/p>\n\t\t\t\t\t\t\t\t<\/div>\n\t\t\t\t<\/div>\n\t\t\t\t\t<\/div>\n\t\t\t\t<\/div>\n\t\t\t\t<\/div>\n\t\t","protected":false},"excerpt":{"rendered":"<p>Bei Hestia Asesores Inmobiliarios verwenden wir Cookies und \u00e4hnliche Technologien, um die Erfahrung der Nutzer auf unserer Website zu verbessern. Diese Cookie-Richtlinie erkl\u00e4rt, was Cookies sind, wie wir sie verwenden und wie Sie sie verwalten k\u00f6nnen. 1. Was sind Cookies? Cookies sind kleine Textdateien, die auf Ihrem Ger\u00e4t gespeichert werden, wenn Sie eine Website besuchen. Sie werden verwendet, um Informationen \u00fcber Ihren Besuch zu &#8230;<\/p>\n","protected":false},"author":2,"featured_media":0,"parent":0,"menu_order":0,"comment_status":"closed","ping_status":"closed","template":"","meta":{"_monsterinsights_skip_tracking":false,"_monsterinsights_sitenote_active":false,"_monsterinsights_sitenote_note":"","_monsterinsights_sitenote_category":0,"footnotes":""},"class_list":["post-33870","page","type-page","status-publish","hentry"],"_links":{"self":[{"href":"https:\/\/hestiasesores.com\/de\/wp-json\/wp\/v2\/pages\/33870","targetHints":{"allow":["GET"]}}],"collection":[{"href":"https:\/\/hestiasesores.com\/de\/wp-json\/wp\/v2\/pages"}],"about":[{"href":"https:\/\/hestiasesores.com\/de\/wp-json\/wp\/v2\/types\/page"}],"author":[{"embeddable":true,"href":"https:\/\/hestiasesores.com\/de\/wp-json\/wp\/v2\/users\/2"}],"replies":[{"embeddable":true,"href":"https:\/\/hestiasesores.com\/de\/wp-json\/wp\/v2\/comments?post=33870"}],"version-history":[{"count":4,"href":"https:\/\/hestiasesores.com\/de\/wp-json\/wp\/v2\/pages\/33870\/revisions"}],"predecessor-version":[{"id":33898,"href":"https:\/\/hestiasesores.com\/de\/wp-json\/wp\/v2\/pages\/33870\/revisions\/33898"}],"wp:attachment":[{"href":"https:\/\/hestiasesores.com\/de\/wp-json\/wp\/v2\/media?parent=33870"}],"curies":[{"name":"wp","href":"https:\/\/api.w.org\/{rel}","templated":true}]}}