{"id":33877,"date":"2025-02-18T16:04:11","date_gmt":"2025-02-18T15:04:11","guid":{"rendered":"https:\/\/hestiasesores.com\/rechtliche-hinweise-und-datenschutz\/"},"modified":"2025-02-18T16:28:38","modified_gmt":"2025-02-18T15:28:38","slug":"rechtliche-hinweise-und-datenschutz","status":"publish","type":"page","link":"https:\/\/hestiasesores.com\/de\/rechtliche-hinweise-und-datenschutz\/","title":{"rendered":"Schutz der Daten"},"content":{"rendered":"\t\t<div data-elementor-type=\"wp-page\" data-elementor-id=\"33877\" class=\"elementor elementor-33877 elementor-33872\" data-elementor-post-type=\"page\">\n\t\t\t\t<div class=\"elementor-element elementor-element-bafc8de e-flex e-con-boxed e-con e-parent\" data-id=\"bafc8de\" data-element_type=\"container\">\n\t\t\t\t\t<div class=\"e-con-inner\">\n\t\t\t\t<div class=\"elementor-element elementor-element-ab33b4e elementor-widget elementor-widget-spacer\" data-id=\"ab33b4e\" data-element_type=\"widget\" data-widget_type=\"spacer.default\">\n\t\t\t\t<div class=\"elementor-widget-container\">\n\t\t\t\t\t\t\t<div class=\"elementor-spacer\">\n\t\t\t<div class=\"elementor-spacer-inner\"><\/div>\n\t\t<\/div>\n\t\t\t\t\t\t<\/div>\n\t\t\t\t<\/div>\n\t\t\t\t<div class=\"elementor-element elementor-element-a5cf775 elementor-widget elementor-widget-text-editor\" data-id=\"a5cf775\" data-element_type=\"widget\" data-widget_type=\"text-editor.default\">\n\t\t\t\t<div class=\"elementor-widget-container\">\n\t\t\t\t\t\t\t\t\t<h3 data-pm-slice=\"1 1 []\">1. Allgemeine Informationen<\/h3>\n<p>In \u00dcbereinstimmung mit den geltenden Vorschriften stellt <strong>Hestia Asesores Inmobiliarios<\/strong> den Benutzern die folgenden Informationen zur Verf\u00fcgung:<\/p>\n<ul data-spread=\"false\">\n<li>\n<p><strong>Eigent\u00fcmer:<\/strong> Hestia Asesores Inmobiliarios<\/p>\n<\/li>\n<li>\n<p><strong>Eingetragene Adresse:<\/strong> [Company Address]<\/p>\n<\/li>\n<li>\n<p><strong>Kontakt E-Mail:<\/strong><a>[<span \n                data-original-string='x6vfEqMtEFq6ZzzCyRTm6A==8f302ewEnspSHG4EVCO9s3YnmRJ2Q\/SN6nlcbpiVle39Zc='\n                class='apbct-email-encoder'\n                title='Dieser Kontakt wurde von Anti-Spam by CleanTalk verschl\u00fcsselt. Klicken Sie hier, um ihn zu entschl\u00fcsseln. Um die Entschl\u00fcsselung abzuschlie\u00dfen, stellen Sie sicher, dass JavaScript in Ihrem Browser aktiviert ist.'>in<span class=\"apbct-blur\">**<\/span>@<span class=\"apbct-blur\">***********<\/span>es.com<\/span>]<\/a><\/p>\n<\/li>\n<li>\n<p><strong>Kontakt Telefon:<\/strong> [+49 152 2254 1111]<\/p>\n<\/li>\n<li>\n<p><strong>Steueridentifikationsnummer (CIF\/NIF):<\/strong> [Tax Identification Number]<\/p>\n<\/li>\n<\/ul>\n<h3>2. Nutzungsbedingungen<\/h3>\n<p>Der Zugriff auf diese Website und ihre Nutzung verleihen dem Nutzer den Status eines Benutzers, der die vollst\u00e4ndige Akzeptanz der in diesem rechtlichen Hinweis festgelegten Bedingungen voraussetzt. Der Nutzer verpflichtet sich, die Website in angemessener Weise zu nutzen und von illegalen oder gegen Treu und Glauben und die \u00f6ffentliche Ordnung versto\u00dfenden Aktivit\u00e4ten abzusehen. <\/p>\n<h3>3. Datenschutz<\/h3>\n<p>Wir bei <strong>Hestia Asesores Inmobiliarios<\/strong> verpflichten uns, die Privatsph\u00e4re unserer Nutzer und Kunden zu sch\u00fctzen. Die Erhebung und Verarbeitung personenbezogener Daten erfolgt in \u00dcbereinstimmung mit den geltenden Datenschutzbestimmungen. <\/p>\n<h4>3.1. Data Controller <\/h4>\n<ul data-spread=\"false\">\n<li>\n<p><strong>Die Identit\u00e4t:<\/strong> Hestia Asesores Inmobiliarios<\/p>\n<\/li>\n<li>\n<p><strong>Kontakt E-Mail:<\/strong><a>[<span \n                data-original-string='j0Qs9Pq06sobbjVzOYKPww==8f3IbT+az60GxlZHYXuJTvzmjz1Y7vvwYTg7sxbGWYQ4u0='\n                class='apbct-email-encoder'\n                title='Dieser Kontakt wurde von Anti-Spam by CleanTalk verschl\u00fcsselt. Klicken Sie hier, um ihn zu entschl\u00fcsseln. Um die Entschl\u00fcsselung abzuschlie\u00dfen, stellen Sie sicher, dass JavaScript in Ihrem Browser aktiviert ist.'>in<span class=\"apbct-blur\">**<\/span>@<span class=\"apbct-blur\">***********<\/span>es.com<\/span>]<\/a><\/p>\n<\/li>\n<li>\n<p><strong>Zweck:<\/strong> Zur Verwaltung von Kundenbeziehungen, Beantwortung von Anfragen und Bereitstellung von Informationen \u00fcber unsere Dienstleistungen.<\/p>\n<\/li>\n<li>\n<p><strong>Rechtsgrundlage:<\/strong> Zustimmung der betroffenen Person und Erf\u00fcllung eines Vertrags.<\/p>\n<\/li>\n<li>\n<p><strong>Rechte:<\/strong> Zugang, Berichtigung, L\u00f6schung, Einschr\u00e4nkung der Verarbeitung, Widerspruch und Daten\u00fcbertragbarkeit.<\/p>\n<\/li>\n<li>\n<p><strong>Aufbewahrungsfrist:<\/strong> Personenbezogene Daten werden so lange aufbewahrt, wie es notwendig ist, um den Zweck zu erf\u00fcllen, f\u00fcr den sie erhoben wurden, und um m\u00f6gliche Verbindlichkeiten zu ermitteln, die sich aus dieser Verarbeitung ergeben.<\/p>\n<\/li>\n<\/ul>\n<h3>4. Geistiges und gewerbliches Eigentum<\/h3>\n<p>Der gesamte Inhalt der Website, einschlie\u00dflich Texten, Bildern, Grafiken, Logos und Software, ist durch geistige und gewerbliche Eigentumsrechte gesch\u00fctzt. Die Vervielf\u00e4ltigung, Verbreitung oder Ver\u00e4nderung jeglicher Inhalte ohne die ausdr\u00fcckliche Genehmigung des Eigent\u00fcmers ist verboten. <\/p>\n<h3>5. Haftungsausschluss<\/h3>\n<p><strong>Hestia Asesores Inmobiliarios<\/strong> haftet weder f\u00fcr Sch\u00e4den, die durch die Nutzung der Website entstehen, noch garantiert sie deren Verf\u00fcgbarkeit und Kontinuit\u00e4t. Au\u00dferdem sind wir nicht f\u00fcr die Inhalte verantwortlich, die von unserer Website aus verlinkt sind. <\/p>\n<h3>6. Anwendbares Recht und Gerichtsstand<\/h3>\n<p>Dieser Rechtshinweis unterliegt der geltenden Gesetzgebung, und alle Streitigkeiten werden den zust\u00e4ndigen Gerichten von [Specific Jurisdiction] vorgelegt.<\/p>\n<p>Wenn Sie Fragen zu diesen rechtlichen Hinweisen haben, k\u00f6nnen Sie uns per E-Mail unter [contact email] oder unter unserer physischen Adresse [company address] kontaktieren.<\/p>\n\t\t\t\t\t\t\t\t<\/div>\n\t\t\t\t<\/div>\n\t\t\t\t\t<\/div>\n\t\t\t\t<\/div>\n\t\t\t\t<\/div>\n\t\t","protected":false},"excerpt":{"rendered":"<p>1. Allgemeine Informationen In \u00dcbereinstimmung mit den geltenden Vorschriften stellt Hestia Asesores Inmobiliarios den Benutzern die folgenden Informationen zur Verf\u00fcgung: Eigent\u00fcmer: Hestia Asesores Inmobiliarios Eingetragene Adresse: [Company Address] Kontakt E-Mail:[in**@***********es.com] Kontakt Telefon: [+49 152 2254 1111] Steueridentifikationsnummer (CIF\/NIF): [Tax Identification Number] 2. Nutzungsbedingungen Der Zugriff auf diese Website und ihre Nutzung verleihen dem Nutzer den Status eines Benutzers, der die vollst\u00e4ndige Akzeptanz der in &#8230;<\/p>\n","protected":false},"author":2,"featured_media":0,"parent":0,"menu_order":0,"comment_status":"closed","ping_status":"closed","template":"","meta":{"_monsterinsights_skip_tracking":false,"_monsterinsights_sitenote_active":false,"_monsterinsights_sitenote_note":"","_monsterinsights_sitenote_category":0,"footnotes":""},"class_list":["post-33877","page","type-page","status-publish","hentry"],"_links":{"self":[{"href":"https:\/\/hestiasesores.com\/de\/wp-json\/wp\/v2\/pages\/33877","targetHints":{"allow":["GET"]}}],"collection":[{"href":"https:\/\/hestiasesores.com\/de\/wp-json\/wp\/v2\/pages"}],"about":[{"href":"https:\/\/hestiasesores.com\/de\/wp-json\/wp\/v2\/types\/page"}],"author":[{"embeddable":true,"href":"https:\/\/hestiasesores.com\/de\/wp-json\/wp\/v2\/users\/2"}],"replies":[{"embeddable":true,"href":"https:\/\/hestiasesores.com\/de\/wp-json\/wp\/v2\/comments?post=33877"}],"version-history":[{"count":5,"href":"https:\/\/hestiasesores.com\/de\/wp-json\/wp\/v2\/pages\/33877\/revisions"}],"predecessor-version":[{"id":33895,"href":"https:\/\/hestiasesores.com\/de\/wp-json\/wp\/v2\/pages\/33877\/revisions\/33895"}],"wp:attachment":[{"href":"https:\/\/hestiasesores.com\/de\/wp-json\/wp\/v2\/media?parent=33877"}],"curies":[{"name":"wp","href":"https:\/\/api.w.org\/{rel}","templated":true}]}}