{"id":31760,"date":"2025-01-15T12:43:18","date_gmt":"2025-01-15T11:43:18","guid":{"rendered":"https:\/\/hestiasesores.com\/?page_id=31760"},"modified":"2025-01-20T19:55:34","modified_gmt":"2025-01-20T18:55:34","slug":"contacto","status":"publish","type":"page","link":"https:\/\/hestiasesores.com\/es\/contacto\/","title":{"rendered":"Contacto"},"content":{"rendered":"\t\t<div data-elementor-type=\"wp-page\" data-elementor-id=\"31760\" class=\"elementor elementor-31760\" data-elementor-post-type=\"page\">\n\t\t\t\t\t\t<section class=\"elementor-section elementor-top-section elementor-element elementor-element-1edacaef elementor-section-boxed elementor-section-height-default elementor-section-height-default\" data-id=\"1edacaef\" data-element_type=\"section\" data-settings=\"{&quot;background_background&quot;:&quot;classic&quot;}\">\n\t\t\t\t\t\t<div class=\"elementor-container elementor-column-gap-default\">\n\t\t\t\t\t<div class=\"elementor-column elementor-col-33 elementor-top-column elementor-element elementor-element-4d339fef\" data-id=\"4d339fef\" data-element_type=\"column\">\n\t\t\t<div class=\"elementor-widget-wrap\">\n\t\t\t\t\t\t\t<\/div>\n\t\t<\/div>\n\t\t\t\t<div class=\"elementor-column elementor-col-33 elementor-top-column elementor-element elementor-element-4475993d\" data-id=\"4475993d\" data-element_type=\"column\" data-settings=\"{&quot;background_background&quot;:&quot;classic&quot;}\">\n\t\t\t<div class=\"elementor-widget-wrap elementor-element-populated\">\n\t\t\t\t\t\t<div class=\"elementor-element elementor-element-aeec0a2 elementor-widget elementor-widget-heading\" data-id=\"aeec0a2\" data-element_type=\"widget\" data-widget_type=\"heading.default\">\n\t\t\t\t<div class=\"elementor-widget-container\">\n\t\t\t\t\t<h2 class=\"elementor-heading-title elementor-size-default\">Estamos aqu\u00ed para ayudarte<\/h2>\t\t\t\t<\/div>\n\t\t\t\t<\/div>\n\t\t\t\t<div class=\"elementor-element elementor-element-2052486a elementor-widget elementor-widget-text-editor\" data-id=\"2052486a\" data-element_type=\"widget\" data-widget_type=\"text-editor.default\">\n\t\t\t\t<div class=\"elementor-widget-container\">\n\t\t\t\t\t\t\t\t\t<p>En <strong>Hestia Asesores Inmobiliarios<\/strong>, nos importa brindarte una experiencia \u00fanica y personalizada. Si tienes alguna consulta sobre nuestras propiedades, nuestros servicios o si deseas programar una reuni\u00f3n con nuestro equipo de expertos, no dudes en ponerte en contacto con nosotros. Estamos listos para ayudarte a encontrar la propiedad perfecta o a realizar la mejor inversi\u00f3n inmobiliaria.<\/p>\t\t\t\t\t\t\t\t<\/div>\n\t\t\t\t<\/div>\n\t\t\t\t<div class=\"elementor-element elementor-element-672af96f elementor-button-align-start elementor-widget elementor-widget-WpResidence_Contact_Form_Builder\" data-id=\"672af96f\" data-element_type=\"widget\" data-widget_type=\"WpResidence_Contact_Form_Builder.default\">\n\t\t\t\t<div class=\"elementor-widget-container\">\n\t\t\t\t\t\n\n\n\n\n        <form class=\"elementor-form wpresidence_elementor_form wpestate_contact_form_parent\"  id=\"wpresidence-elementor-form-672af96f\" method=\"post\" >\n            <div class=\"alert-box error\">\n                <div class=\"alert-message\" id=\"alert-agent-contact\"><\/div>\n            <\/div>\n            <input name=\"prop_id\" type=\"hidden\"  id=\"agent_property_id\" value=\"\">\n            <input name=\"prop_id\" type=\"hidden\"  id=\"agent_id\" value=\"\">\n            <input name=\"prop_id\" type=\"hidden\"  id=\"contact_form_elementor\" value=\"1\">\n            <input type=\"hidden\" name=\"contact_ajax_nonce\" id=\"agent_property_ajax_nonce\"  value=\"ef5956e108\" \/>\n\n            \n            \n            <input type=\"hidden\" id=\"wpresidence_form_id\" name=\"wpresidence_form_id\" value=\"wpresidence_form_7934\" \/>\n        \n            <input type=\"hidden\" id=\"elementor_email_subject\" name=\"email_suject\" value=\"Formulario web Hestia espa\u00f1ol\" \/>\n\n\n            <div class=\"elementor-form-fields-wrapper elementor-labels-above\">\n        <div class=\"elementor-field-group elementor-column form-group elementor-field-group-24f699d elementor-col-50\"><label for=\"form-field-24f699d\" class=\"elementor-field-label\">Nombre<\/label><input type=\"text\" name=\"first_name\" id=\"form-field-24f699d\" class=\"elementor-field form-control elementor-size-md elementor-field-textual\" placeholder=\"Nombre\"><\/div><div class=\"elementor-field-group elementor-column form-group elementor-field-group-name elementor-col-50\"><label for=\"form-field-name\" class=\"elementor-field-label\">Apellidos<\/label><input type=\"text\" name=\"last_name\" id=\"form-field-name\" class=\"elementor-field form-control elementor-size-md elementor-field-textual\" placeholder=\"Apellidos\"><\/div><div class=\"elementor-field-group elementor-column form-group elementor-field-group-email elementor-field-required elementor-col-50\"><label for=\"form-field-email\" class=\"elementor-field-label\">Email*<\/label><input type=\"email\" name=\"email\" id=\"form-field-email\" class=\"elementor-field form-control elementor-size-md elementor-field-textual\" required=\"required\" placeholder=\"Email\"><\/div><div class=\"elementor-field-group elementor-column form-group elementor-field-group-message elementor-field-required elementor-col-50\"><label for=\"form-field-message\" class=\"elementor-field-label\">Tel\u00e9fono*<\/label><input type=\"text\" name=\"mobile\" id=\"form-field-message\" class=\"elementor-field form-control elementor-size-md elementor-field-textual\" required=\"required\" placeholder=\"Tel\u00e9fono\"><\/div><div class=\"elementor-field-group elementor-column form-group elementor-field-group-f8c1f29 elementor-col-50\"><label for=\"form-field-f8c1f29\" class=\"elementor-field-label\">Pa\u00eds<\/label><input type=\"text\" name=\"country\" id=\"form-field-f8c1f29\" class=\"elementor-field form-control elementor-size-md elementor-field-textual\" placeholder=\"Pa\u00eds\"><\/div><div class=\"elementor-field-group elementor-column form-group elementor-field-group-414f7d2 elementor-col-50\"><label for=\"form-field-414f7d2\" class=\"elementor-field-label\">Ciudad<\/label><input type=\"text\" name=\"city\" id=\"form-field-414f7d2\" class=\"elementor-field form-control elementor-size-md elementor-field-textual\" placeholder=\"Ciudad\"><\/div><div class=\"elementor-field-group elementor-column form-group elementor-field-group-ae8e893 elementor-col-50\"><label for=\"form-field-ae8e893\" class=\"elementor-field-label\">Direcci\u00f3n<\/label><input type=\"text\" name=\"address\" id=\"form-field-ae8e893\" class=\"elementor-field form-control elementor-size-md elementor-field-textual\" placeholder=\"Direcci\u00f3n\"><\/div><div class=\"elementor-field-group elementor-column form-group elementor-field-group-06f334c elementor-col-50\"><label for=\"form-field-06f334c\" class=\"elementor-field-label\">C\u00f3digo postal<\/label><input type=\"text\" name=\"zip\" id=\"form-field-06f334c\" class=\"elementor-field form-control elementor-size-md elementor-field-textual\" placeholder=\"C\u00f3digo postal\"><\/div><div class=\"elementor-field-group elementor-column form-group elementor-field-group-f1e07cd elementor-field-required elementor-col-100\"><label for=\"form-field-f1e07cd\" class=\"elementor-field-label\">mensaje*<\/label><textarea class=\"form-control elementor-field-textual elementor-field elementor-size-md\" name=\"message\" id=\"form-field-f1e07cd\" rows=\"4\" required=\"required\" placeholder=\"mensaje\"><\/textarea><\/div>\n                <div class=\"elementor-field-group elementor-column elementor-field-type-submit elementor-col-100\">\n        <div class=\"gpr_wrapper\"><input type=\"checkbox\"  role=\"checkbox\" aria-checked=\"false\" id=\"wpestate_agree_gdpr\" class=\"wpestate_agree_gdpr\" name=\"wpestate_agree_gdpr\" \/>\n                    <label for=\"wpestate_agree_gdpr\"><a target=\"_blank\" href=\"https:\/\/hestiasesores.com\/es\/\">Consentimiento para Guardar Informaci\u00f3n<\/a><\/label><\/div>\n\t\t\t\t\t\t\t\t\t\t\t\t                    <button type=\"submit\" class=\"agent_submit_class_elementor wpresidence_button wpresidence_button_elementor elementor-button elementor-size-md\">\n                    Enviar Email                            <\/button>\n\n                <\/div>\n            <\/div>\n\n\n\n        <input\n                    class=\"apbct_special_field apbct_email_id__elementor_form\"\n                    name=\"apbct__email_id__elementor_form\"\n                    aria-label=\"apbct__label_id__elementor_form\"\n                    type=\"text\" size=\"30\" maxlength=\"200\" autocomplete=\"off\"\n                    value=\"\"\n                \/><\/form>\n\n\n\n\n        \t\t\t\t<\/div>\n\t\t\t\t<\/div>\n\t\t\t\t\t<\/div>\n\t\t<\/div>\n\t\t\t\t<div class=\"elementor-column elementor-col-33 elementor-top-column elementor-element elementor-element-3c47b23f\" data-id=\"3c47b23f\" data-element_type=\"column\">\n\t\t\t<div class=\"elementor-widget-wrap\">\n\t\t\t\t\t\t\t<\/div>\n\t\t<\/div>\n\t\t\t\t\t<\/div>\n\t\t<\/section>\n\t\t\t\t<\/div>\n\t\t","protected":false},"excerpt":{"rendered":"<p>Estamos aqu\u00ed para ayudarte En Hestia Asesores Inmobiliarios, nos importa brindarte una experiencia \u00fanica y personalizada. Si tienes alguna consulta sobre nuestras propiedades, nuestros servicios o si deseas programar una reuni\u00f3n con nuestro equipo de expertos, no dudes en ponerte en contacto con nosotros. Estamos listos para ayudarte a encontrar la propiedad perfecta o a realizar la mejor inversi\u00f3n inmobiliaria. NombreApellidosEmail*Tel\u00e9fono*Pa\u00edsCiudadDirecci\u00f3nC\u00f3digo postalmensaje* Consentimiento para &#8230;<\/p>\n","protected":false},"author":2,"featured_media":0,"parent":0,"menu_order":0,"comment_status":"closed","ping_status":"closed","template":"","meta":{"_monsterinsights_skip_tracking":false,"_monsterinsights_sitenote_active":false,"_monsterinsights_sitenote_note":"","_monsterinsights_sitenote_category":0,"footnotes":""},"class_list":["post-31760","page","type-page","status-publish","hentry"],"_links":{"self":[{"href":"https:\/\/hestiasesores.com\/es\/wp-json\/wp\/v2\/pages\/31760","targetHints":{"allow":["GET"]}}],"collection":[{"href":"https:\/\/hestiasesores.com\/es\/wp-json\/wp\/v2\/pages"}],"about":[{"href":"https:\/\/hestiasesores.com\/es\/wp-json\/wp\/v2\/types\/page"}],"author":[{"embeddable":true,"href":"https:\/\/hestiasesores.com\/es\/wp-json\/wp\/v2\/users\/2"}],"replies":[{"embeddable":true,"href":"https:\/\/hestiasesores.com\/es\/wp-json\/wp\/v2\/comments?post=31760"}],"version-history":[{"count":10,"href":"https:\/\/hestiasesores.com\/es\/wp-json\/wp\/v2\/pages\/31760\/revisions"}],"predecessor-version":[{"id":32425,"href":"https:\/\/hestiasesores.com\/es\/wp-json\/wp\/v2\/pages\/31760\/revisions\/32425"}],"wp:attachment":[{"href":"https:\/\/hestiasesores.com\/es\/wp-json\/wp\/v2\/media?parent=31760"}],"curies":[{"name":"wp","href":"https:\/\/api.w.org\/{rel}","templated":true}]}}