{"id":33855,"date":"2025-02-18T15:56:05","date_gmt":"2025-02-18T14:56:05","guid":{"rendered":"https:\/\/hestiasesores.com\/politica-de-privacidad-2\/"},"modified":"2025-02-18T16:33:57","modified_gmt":"2025-02-18T15:33:57","slug":"politica-de-privacidad-2","status":"publish","type":"page","link":"https:\/\/hestiasesores.com\/es\/politica-de-privacidad-2\/","title":{"rendered":"Pol\u00edtica de privacidad"},"content":{"rendered":"\t\t<div data-elementor-type=\"wp-page\" data-elementor-id=\"33855\" class=\"elementor elementor-33855 elementor-33852\" data-elementor-post-type=\"page\">\n\t\t\t\t<div class=\"elementor-element elementor-element-bafc8de e-flex e-con-boxed e-con e-parent\" data-id=\"bafc8de\" data-element_type=\"container\">\n\t\t\t\t\t<div class=\"e-con-inner\">\n\t\t\t\t<div class=\"elementor-element elementor-element-ab33b4e elementor-widget elementor-widget-spacer\" data-id=\"ab33b4e\" data-element_type=\"widget\" data-widget_type=\"spacer.default\">\n\t\t\t\t<div class=\"elementor-widget-container\">\n\t\t\t\t\t\t\t<div class=\"elementor-spacer\">\n\t\t\t<div class=\"elementor-spacer-inner\"><\/div>\n\t\t<\/div>\n\t\t\t\t\t\t<\/div>\n\t\t\t\t<\/div>\n\t\t\t\t<div class=\"elementor-element elementor-element-a5cf775 elementor-widget elementor-widget-text-editor\" data-id=\"a5cf775\" data-element_type=\"widget\" data-widget_type=\"text-editor.default\">\n\t\t\t\t<div class=\"elementor-widget-container\">\n\t\t\t\t\t\t\t\t\t<p data-pm-slice=\"1 1 []\">En <strong>Hestia Asesores Inmobiliarios<\/strong> nos comprometemos a proteger la privacidad y seguridad de los datos personales de nuestros clientes y usuarios. Esta Pol\u00edtica de Privacidad explica c\u00f3mo recogemos, utilizamos, almacenamos y protegemos tus datos personales de acuerdo con la normativa aplicable en materia de protecci\u00f3n de datos. <\/p>\n<h3>1. Informaci\u00f3n que recogemos<\/h3>\n<p>Recogemos datos personales que nos proporcionas directamente cuando te pones en contacto con nosotros, solicitas nuestros servicios o interact\u00faas con nuestro sitio web. Estos datos pueden incluir: <\/p>\n<ul data-spread=\"false\">\n<li>\n<p>Nombre y apellidos<\/p>\n<\/li>\n<li>\n<p>Direcci\u00f3n de correo electr\u00f3nico<\/p>\n<\/li>\n<li>\n<p>N\u00famero de tel\u00e9fono<\/p>\n<\/li>\n<li>\n<p>Direcci\u00f3n postal<\/p>\n<\/li>\n<li>\n<p>Informaci\u00f3n sobre propiedades de inter\u00e9s<\/p>\n<\/li>\n<li>\n<p>Cualquier otra informaci\u00f3n que facilites voluntariamente<\/p>\n<\/li>\n<\/ul>\n<h3>2. Uso de la informaci\u00f3n<\/h3>\n<p>La informaci\u00f3n recogida se utiliza para los siguientes fines:<\/p>\n<ul data-spread=\"false\">\n<li>\n<p>Gestionar y responder a tus consultas<\/p>\n<\/li>\n<li>\n<p>Proporcionar informaci\u00f3n sobre nuestros servicios inmobiliarios<\/p>\n<\/li>\n<li>\n<p>Env\u00edo de comunicaciones comerciales si has dado tu consentimiento<\/p>\n<\/li>\n<li>\n<p>Cumplir nuestras obligaciones legales y reglamentarias<\/p>\n<\/li>\n<li>\n<p>Mejorar nuestros servicios y la experiencia del usuario en nuestro sitio web<\/p>\n<\/li>\n<\/ul>\n<h3>3. Base legal para el tratamiento de datos<\/h3>\n<p>El tratamiento de tus datos personales se basa en:<\/p>\n<ul data-spread=\"false\">\n<li>\n<p>Tu consentimiento expreso al facilitar tus datos<\/p>\n<\/li>\n<li>\n<p>La ejecuci\u00f3n de un contrato o de medidas precontractuales<\/p>\n<\/li>\n<li>\n<p>Cumplimiento de las obligaciones legales aplicables<\/p>\n<\/li>\n<li>\n<p>Nuestro inter\u00e9s leg\u00edtimo en mejorar nuestros servicios y garantizar la seguridad de la plataforma<\/p>\n<\/li>\n<\/ul>\n<h3>4. Compartir datos<\/h3>\n<p>No compartimos tus datos personales con terceros, excepto en los siguientes casos:<\/p>\n<ul data-spread=\"false\">\n<li>\n<p>Cuando sea necesario para la prestaci\u00f3n de nuestros servicios (por ejemplo, con agentes inmobiliarios o notarios en virtud de acuerdos de confidencialidad)<\/p>\n<\/li>\n<li>\n<p>Cumplimiento de las obligaciones legales<\/p>\n<\/li>\n<li>\n<p>Proveedores de servicios tecnol\u00f3gicos que nos ayudan a operar nuestro sitio web y sistemas de comunicaci\u00f3n<\/p>\n<\/li>\n<\/ul>\n<h3>5. Seguridad de los datos<\/h3>\n<p>Aplicamos medidas t\u00e9cnicas y organizativas para proteger tus datos personales contra el acceso no autorizado, la p\u00e9rdida o la alteraci\u00f3n. Sin embargo, no podemos garantizar la seguridad absoluta de los datos transmitidos por Internet. <\/p>\n<h3>6. Derechos del usuario<\/h3>\n<p>Como usuario, tienes derecho a:<\/p>\n<ul data-spread=\"false\">\n<li>\n<p>Acceder a tus datos personales<\/p>\n<\/li>\n<li>\n<p>Rectificar la informaci\u00f3n incorrecta o incompleta<\/p>\n<\/li>\n<li>\n<p>Solicitar la supresi\u00f3n de tus datos cuando ya no sean necesarios<\/p>\n<\/li>\n<li>\n<p>Oponerte al tratamiento de tus datos para determinados fines<\/p>\n<\/li>\n<li>\n<p>Solicitar la portabilidad de tus datos<\/p>\n<\/li>\n<li>\n<p>Retirar tu consentimiento en cualquier momento<\/p>\n<\/li>\n<\/ul>\n<p>Para ejercer estos derechos, puedes ponerte en contacto con nosotros en <a><strong><span \n                data-original-string='Ru0ynHiMLqLIvYXLfpgzuQ==8f3+FEf3xSCDDBQ25AIBDrnPZnRT7qYCd8sQYXh5Cc1cHQ='\n                class='apbct-email-encoder'\n                title='Este contacto ha sido codificado por Anti-Spam by CleanTalk. Haz clic para decodificar. Para finalizar la decodificaci\u00f3n, aseg\u00farate de que JavaScript est\u00e1 activado en tu navegador.'>in<span class=\"apbct-blur\">**<\/span>@<span class=\"apbct-blur\">***********<\/span>es.com<\/span><\/strong><\/a> o en nuestra direcci\u00f3n f\u00edsica <strong>[Company Address]<\/strong>.<\/p>\n<h3>7. Cookies y tecnolog\u00edas similares<\/h3>\n<p>Nuestro sitio web utiliza cookies para mejorar la experiencia del usuario. Para m\u00e1s informaci\u00f3n, consulta nuestra   <strong>[Cookie Policy]<\/strong>.<\/p>\n<h3>8. Cambios en la Pol\u00edtica de Privacidad<\/h3>\n<p>Nos reservamos el derecho a modificar esta Pol\u00edtica de Privacidad en cualquier momento. Cualquier cambio se publicar\u00e1 en esta p\u00e1gina y, cuando proceda, se notificar\u00e1 a los usuarios. <\/p>\n<p>Si tienes alguna pregunta sobre esta Pol\u00edtica de Privacidad, no dudes en ponerte en contacto con nosotros.<\/p>\n\t\t\t\t\t\t\t\t<\/div>\n\t\t\t\t<\/div>\n\t\t\t\t\t<\/div>\n\t\t\t\t<\/div>\n\t\t\t\t<\/div>\n\t\t","protected":false},"excerpt":{"rendered":"<p>En Hestia Asesores Inmobiliarios nos comprometemos a proteger la privacidad y seguridad de los datos personales de nuestros clientes y usuarios. Esta Pol\u00edtica de Privacidad explica c\u00f3mo recogemos, utilizamos, almacenamos y protegemos tus datos personales de acuerdo con la normativa aplicable en materia de protecci\u00f3n de datos. 1. Informaci\u00f3n que recogemos Recogemos datos personales que nos proporcionas directamente cuando te pones en contacto con &#8230;<\/p>\n","protected":false},"author":2,"featured_media":0,"parent":0,"menu_order":0,"comment_status":"closed","ping_status":"closed","template":"","meta":{"_monsterinsights_skip_tracking":false,"_monsterinsights_sitenote_active":false,"_monsterinsights_sitenote_note":"","_monsterinsights_sitenote_category":0,"footnotes":""},"class_list":["post-33855","page","type-page","status-publish","hentry"],"_links":{"self":[{"href":"https:\/\/hestiasesores.com\/es\/wp-json\/wp\/v2\/pages\/33855","targetHints":{"allow":["GET"]}}],"collection":[{"href":"https:\/\/hestiasesores.com\/es\/wp-json\/wp\/v2\/pages"}],"about":[{"href":"https:\/\/hestiasesores.com\/es\/wp-json\/wp\/v2\/types\/page"}],"author":[{"embeddable":true,"href":"https:\/\/hestiasesores.com\/es\/wp-json\/wp\/v2\/users\/2"}],"replies":[{"embeddable":true,"href":"https:\/\/hestiasesores.com\/es\/wp-json\/wp\/v2\/comments?post=33855"}],"version-history":[{"count":3,"href":"https:\/\/hestiasesores.com\/es\/wp-json\/wp\/v2\/pages\/33855\/revisions"}],"predecessor-version":[{"id":33903,"href":"https:\/\/hestiasesores.com\/es\/wp-json\/wp\/v2\/pages\/33855\/revisions\/33903"}],"wp:attachment":[{"href":"https:\/\/hestiasesores.com\/es\/wp-json\/wp\/v2\/media?parent=33855"}],"curies":[{"name":"wp","href":"https:\/\/api.w.org\/{rel}","templated":true}]}}