{"id":33868,"date":"2025-02-18T15:59:55","date_gmt":"2025-02-18T14:59:55","guid":{"rendered":"https:\/\/hestiasesores.com\/politica-de-cookies\/"},"modified":"2025-02-18T16:29:26","modified_gmt":"2025-02-18T15:29:26","slug":"politica-de-cookies","status":"publish","type":"page","link":"https:\/\/hestiasesores.com\/es\/politica-de-cookies\/","title":{"rendered":"Pol\u00edtica de cookies"},"content":{"rendered":"\t\t<div data-elementor-type=\"wp-page\" data-elementor-id=\"33868\" class=\"elementor elementor-33868 elementor-33863\" data-elementor-post-type=\"page\">\n\t\t\t\t<div class=\"elementor-element elementor-element-bafc8de e-flex e-con-boxed e-con e-parent\" data-id=\"bafc8de\" data-element_type=\"container\">\n\t\t\t\t\t<div class=\"e-con-inner\">\n\t\t\t\t<div class=\"elementor-element elementor-element-ab33b4e elementor-widget elementor-widget-spacer\" data-id=\"ab33b4e\" data-element_type=\"widget\" data-widget_type=\"spacer.default\">\n\t\t\t\t<div class=\"elementor-widget-container\">\n\t\t\t\t\t\t\t<div class=\"elementor-spacer\">\n\t\t\t<div class=\"elementor-spacer-inner\"><\/div>\n\t\t<\/div>\n\t\t\t\t\t\t<\/div>\n\t\t\t\t<\/div>\n\t\t\t\t<div class=\"elementor-element elementor-element-a5cf775 elementor-widget elementor-widget-text-editor\" data-id=\"a5cf775\" data-element_type=\"widget\" data-widget_type=\"text-editor.default\">\n\t\t\t\t<div class=\"elementor-widget-container\">\n\t\t\t\t\t\t\t\t\t<p data-pm-slice=\"1 1 []\">En <strong>Hestia Asesores Inmobiliarios<\/strong> utilizamos cookies y tecnolog\u00edas similares para mejorar la experiencia de los usuarios en nuestro sitio web. Esta Pol\u00edtica de Cookies explica qu\u00e9 son las cookies, c\u00f3mo las utilizamos y c\u00f3mo puedes gestionarlas. <\/p>\n<h3>1. \u00bfQu\u00e9 son las cookies?<\/h3>\n<p>Las cookies son peque\u00f1os archivos de texto que se almacenan en tu dispositivo cuando visitas un sitio web. Se utilizan para recordar informaci\u00f3n sobre tu visita y mejorar tu experiencia de navegaci\u00f3n. <\/p>\n<h3>2. Tipos de cookies que utilizamos<\/h3>\n<p>En nuestro sitio web, utilizamos los siguientes tipos de cookies:<\/p>\n<ul data-spread=\"false\">\n<li>\n<p><strong>Cookies esenciales:<\/strong> Necesarias para el funcionamiento del sitio web y no pueden desactivarse en nuestros sistemas.<\/p>\n<\/li>\n<li>\n<p><strong>Cookies de rendimiento:<\/strong> Nos permiten analizar c\u00f3mo interact\u00faan los usuarios con nuestro sitio web para mejorar su funcionamiento.<\/p>\n<\/li>\n<li>\n<p><strong>Cookies de Funcionalidad:<\/strong> Facilitan la personalizaci\u00f3n de la experiencia del usuario recordando sus preferencias.<\/p>\n<\/li>\n<li>\n<p><strong>Cookies publicitarias:<\/strong> Utilizadas para mostrar anuncios relevantes basados en tus intereses y h\u00e1bitos de navegaci\u00f3n.<\/p>\n<\/li>\n<\/ul>\n<h3>3. \u00bfC\u00f3mo gestionar las cookies?<\/h3>\n<p>Puedes configurar tu navegador para que acepte o rechace las cookies. A continuaci\u00f3n encontrar\u00e1s enlaces a instrucciones para algunos de los navegadores m\u00e1s utilizados: <\/p>\n<ul data-spread=\"false\">\n<li>\n<p><strong>Google Chrome<\/strong><\/p>\n<\/li>\n<li>\n<p><strong>Mozilla Firefox<\/strong><\/p>\n<\/li>\n<li>\n<p><strong>Safari<\/strong><\/p>\n<\/li>\n<li>\n<p><strong>Microsoft Edge<\/strong><\/p>\n<\/li>\n<\/ul>\n<p>Ten en cuenta que desactivar algunas cookies puede afectar a la funcionalidad del sitio web.<\/p>\n<h3>4. Cambios en la Pol\u00edtica de Cookies<\/h3>\n<p>Nos reservamos el derecho a modificar esta Pol\u00edtica de Cookies en cualquier momento. Cualquier cambio ser\u00e1 publicado en esta p\u00e1gina y, en su caso, notificado a los usuarios. <\/p>\n<p>Si tienes dudas sobre nuestra Pol\u00edtica de Cookies, puedes contactar con nosotros en<a>[<span \n                data-original-string='GvZGda5WmPQzI1ir9IL4ow==8f3jlsPCVkPFmFuJka1LOKGc4QzeFCtW2UVxNYaqIpdgms='\n                class='apbct-email-encoder'\n                title='Este contacto ha sido codificado por Anti-Spam by CleanTalk. Haz clic para decodificar. Para finalizar la decodificaci\u00f3n, aseg\u00farate de que JavaScript est\u00e1 activado en tu navegador.'>in<span class=\"apbct-blur\">**<\/span>@<span class=\"apbct-blur\">***********<\/span>es.com<\/span>]<\/a> o en nuestra direcci\u00f3n f\u00edsica: [C. Lepanto, 14, 30600 Archena, Murcia, Espa\u00f1a].<\/p>\n\t\t\t\t\t\t\t\t<\/div>\n\t\t\t\t<\/div>\n\t\t\t\t\t<\/div>\n\t\t\t\t<\/div>\n\t\t\t\t<\/div>\n\t\t","protected":false},"excerpt":{"rendered":"<p>En Hestia Asesores Inmobiliarios utilizamos cookies y tecnolog\u00edas similares para mejorar la experiencia de los usuarios en nuestro sitio web. Esta Pol\u00edtica de Cookies explica qu\u00e9 son las cookies, c\u00f3mo las utilizamos y c\u00f3mo puedes gestionarlas. 1. \u00bfQu\u00e9 son las cookies? Las cookies son peque\u00f1os archivos de texto que se almacenan en tu dispositivo cuando visitas un sitio web. Se utilizan para recordar informaci\u00f3n &#8230;<\/p>\n","protected":false},"author":2,"featured_media":0,"parent":0,"menu_order":0,"comment_status":"closed","ping_status":"closed","template":"","meta":{"_monsterinsights_skip_tracking":false,"_monsterinsights_sitenote_active":false,"_monsterinsights_sitenote_note":"","_monsterinsights_sitenote_category":0,"footnotes":""},"class_list":["post-33868","page","type-page","status-publish","hentry"],"_links":{"self":[{"href":"https:\/\/hestiasesores.com\/es\/wp-json\/wp\/v2\/pages\/33868","targetHints":{"allow":["GET"]}}],"collection":[{"href":"https:\/\/hestiasesores.com\/es\/wp-json\/wp\/v2\/pages"}],"about":[{"href":"https:\/\/hestiasesores.com\/es\/wp-json\/wp\/v2\/types\/page"}],"author":[{"embeddable":true,"href":"https:\/\/hestiasesores.com\/es\/wp-json\/wp\/v2\/users\/2"}],"replies":[{"embeddable":true,"href":"https:\/\/hestiasesores.com\/es\/wp-json\/wp\/v2\/comments?post=33868"}],"version-history":[{"count":2,"href":"https:\/\/hestiasesores.com\/es\/wp-json\/wp\/v2\/pages\/33868\/revisions"}],"predecessor-version":[{"id":33891,"href":"https:\/\/hestiasesores.com\/es\/wp-json\/wp\/v2\/pages\/33868\/revisions\/33891"}],"wp:attachment":[{"href":"https:\/\/hestiasesores.com\/es\/wp-json\/wp\/v2\/media?parent=33868"}],"curies":[{"name":"wp","href":"https:\/\/api.w.org\/{rel}","templated":true}]}}