{"id":33879,"date":"2025-02-18T16:04:11","date_gmt":"2025-02-18T15:04:11","guid":{"rendered":"https:\/\/hestiasesores.com\/aviso-legal-y-proteccion-de-datos\/"},"modified":"2025-02-18T16:28:38","modified_gmt":"2025-02-18T15:28:38","slug":"aviso-legal-y-proteccion-de-datos","status":"publish","type":"page","link":"https:\/\/hestiasesores.com\/es\/aviso-legal-y-proteccion-de-datos\/","title":{"rendered":"Protecci\u00f3n de datos"},"content":{"rendered":"\t\t<div data-elementor-type=\"wp-page\" data-elementor-id=\"33879\" class=\"elementor elementor-33879 elementor-33872\" data-elementor-post-type=\"page\">\n\t\t\t\t<div class=\"elementor-element elementor-element-bafc8de e-flex e-con-boxed e-con e-parent\" data-id=\"bafc8de\" data-element_type=\"container\">\n\t\t\t\t\t<div class=\"e-con-inner\">\n\t\t\t\t<div class=\"elementor-element elementor-element-ab33b4e elementor-widget elementor-widget-spacer\" data-id=\"ab33b4e\" data-element_type=\"widget\" data-widget_type=\"spacer.default\">\n\t\t\t\t<div class=\"elementor-widget-container\">\n\t\t\t\t\t\t\t<div class=\"elementor-spacer\">\n\t\t\t<div class=\"elementor-spacer-inner\"><\/div>\n\t\t<\/div>\n\t\t\t\t\t\t<\/div>\n\t\t\t\t<\/div>\n\t\t\t\t<div class=\"elementor-element elementor-element-a5cf775 elementor-widget elementor-widget-text-editor\" data-id=\"a5cf775\" data-element_type=\"widget\" data-widget_type=\"text-editor.default\">\n\t\t\t\t<div class=\"elementor-widget-container\">\n\t\t\t\t\t\t\t\t\t<h3 data-pm-slice=\"1 1 []\">1. 1. Informaci\u00f3n general<\/h3>\n<p>En cumplimiento de la normativa vigente, <strong>Hestia Asesores Inmobiliarios<\/strong> pone a disposici\u00f3n de los usuarios la siguiente informaci\u00f3n:<\/p>\n<ul data-spread=\"false\">\n<li>\n<p><strong>Propietario:<\/strong> Hestia Asesores Inmobiliarios<\/p>\n<\/li>\n<li>\n<p><strong>Domicilio social:<\/strong> [Company Address]<\/p>\n<\/li>\n<li>\n<p><strong>Correo electr\u00f3nico de contacto:<\/strong><a>[<span \n                data-original-string='JCsWg6KFqP2XP+eYrR714Q==8f3NqlN7ZOP0f7MSAAJWPqrrefjnV2pij+rAbfrBAhihdY='\n                class='apbct-email-encoder'\n                title='Este contacto ha sido codificado por Anti-Spam by CleanTalk. Haz clic para decodificar. Para finalizar la decodificaci\u00f3n, aseg\u00farate de que JavaScript est\u00e1 activado en tu navegador.'>in<span class=\"apbct-blur\">**<\/span>@<span class=\"apbct-blur\">***********<\/span>es.com<\/span>]<\/a><\/p>\n<\/li>\n<li>\n<p><strong>Tel\u00e9fono de contacto:<\/strong> [+49 152 2254 1111]<\/p>\n<\/li>\n<li>\n<p><strong>N\u00famero de Identificaci\u00f3n Fiscal (CIF\/NIF):<\/strong> [Tax Identification Number]<\/p>\n<\/li>\n<\/ul>\n<h3>2. Condiciones de uso<\/h3>\n<p>El acceso y uso de este sitio web atribuye la condici\u00f3n de usuario, lo que implica la aceptaci\u00f3n plena de las condiciones establecidas en el presente Aviso Legal. El usuario se compromete a hacer un uso adecuado del sitio web y a no incurrir en actividades il\u00edcitas o contrarias a la buena fe y al orden p\u00fablico. <\/p>\n<h3>3. Protecci\u00f3n de datos<\/h3>\n<p>En <strong>Hestia Asesores Inmobiliarios<\/strong> nos comprometemos a proteger la privacidad de nuestros usuarios y clientes. La recogida y el tratamiento de los datos personales se llevan a cabo de conformidad con la normativa aplicable en materia de protecci\u00f3n de datos. <\/p>\n<h4>3.1. Responsable del tratamiento <\/h4>\n<ul data-spread=\"false\">\n<li>\n<p><strong>Identidad:<\/strong> Hestia Asesores Inmobiliarios<\/p>\n<\/li>\n<li>\n<p><strong>Correo electr\u00f3nico de contacto:<\/strong><a>[<span \n                data-original-string='D8BA5BbHk2b6CbEZRQ\/pBQ==8f3U0HKwe5oz3ZJ5zFO0uSmFfU\/3rG05ErkSmHpNXWwWuk='\n                class='apbct-email-encoder'\n                title='Este contacto ha sido codificado por Anti-Spam by CleanTalk. Haz clic para decodificar. Para finalizar la decodificaci\u00f3n, aseg\u00farate de que JavaScript est\u00e1 activado en tu navegador.'>in<span class=\"apbct-blur\">**<\/span>@<span class=\"apbct-blur\">***********<\/span>es.com<\/span>]<\/a><\/p>\n<\/li>\n<li>\n<p><strong>Finalidad:<\/strong> Gestionar las relaciones con los clientes, responder a consultas y proporcionar informaci\u00f3n sobre nuestros servicios.<\/p>\n<\/li>\n<li>\n<p><strong>Base legal:<\/strong> Consentimiento del interesado y ejecuci\u00f3n de un contrato.<\/p>\n<\/li>\n<li>\n<p><strong>Derechos:<\/strong> Acceso, rectificaci\u00f3n, supresi\u00f3n, limitaci\u00f3n del tratamiento, oposici\u00f3n y portabilidad de datos.<\/p>\n<\/li>\n<li>\n<p><strong>Periodo de conservaci\u00f3n:<\/strong> Los datos personales se conservar\u00e1n durante el tiempo necesario para cumplir la finalidad para la que fueron recogidos y para determinar las posibles responsabilidades derivadas de dicho tratamiento.<\/p>\n<\/li>\n<\/ul>\n<h3>4. Propiedad intelectual e industrial<\/h3>\n<p>Todo el contenido del sitio web, incluidos textos, im\u00e1genes, gr\u00e1ficos, logotipos y software, est\u00e1 protegido por derechos de propiedad intelectual e industrial. Queda prohibida la reproducci\u00f3n, distribuci\u00f3n o modificaci\u00f3n de cualquier contenido sin la autorizaci\u00f3n expresa del propietario. <\/p>\n<h3>5. Exenci\u00f3n de responsabilidad<\/h3>\n<p><strong>Hestia Asesores Inmobiliarios<\/strong> no se hace responsable por los da\u00f1os y perjuicios derivados del uso del sitio web ni garantiza su disponibilidad y continuidad. Asimismo, no nos hacemos responsables de los contenidos enlazados desde nuestro sitio web. <\/p>\n<h3>6. Ley aplicable y jurisdicci\u00f3n<\/h3>\n<p>El presente Aviso Legal se rige por la legislaci\u00f3n aplicable, y cualquier controversia se someter\u00e1 a los tribunales competentes de [Specific Jurisdiction].<\/p>\n<p>Si tienes alguna pregunta sobre este Aviso Legal, puedes ponerte en contacto con nosotros por correo electr\u00f3nico en [contact email] o en nuestra direcci\u00f3n f\u00edsica [company address].<\/p>\n\t\t\t\t\t\t\t\t<\/div>\n\t\t\t\t<\/div>\n\t\t\t\t\t<\/div>\n\t\t\t\t<\/div>\n\t\t\t\t<\/div>\n\t\t","protected":false},"excerpt":{"rendered":"<p>1. 1. Informaci\u00f3n general En cumplimiento de la normativa vigente, Hestia Asesores Inmobiliarios pone a disposici\u00f3n de los usuarios la siguiente informaci\u00f3n: Propietario: Hestia Asesores Inmobiliarios Domicilio social: [Company Address] Correo electr\u00f3nico de contacto:[in**@***********es.com] Tel\u00e9fono de contacto: [+49 152 2254 1111] N\u00famero de Identificaci\u00f3n Fiscal (CIF\/NIF): [Tax Identification Number] 2. Condiciones de uso El acceso y uso de este sitio web atribuye la condici\u00f3n &#8230;<\/p>\n","protected":false},"author":2,"featured_media":0,"parent":0,"menu_order":0,"comment_status":"closed","ping_status":"closed","template":"","meta":{"_monsterinsights_skip_tracking":false,"_monsterinsights_sitenote_active":false,"_monsterinsights_sitenote_note":"","_monsterinsights_sitenote_category":0,"footnotes":""},"class_list":["post-33879","page","type-page","status-publish","hentry"],"_links":{"self":[{"href":"https:\/\/hestiasesores.com\/es\/wp-json\/wp\/v2\/pages\/33879","targetHints":{"allow":["GET"]}}],"collection":[{"href":"https:\/\/hestiasesores.com\/es\/wp-json\/wp\/v2\/pages"}],"about":[{"href":"https:\/\/hestiasesores.com\/es\/wp-json\/wp\/v2\/types\/page"}],"author":[{"embeddable":true,"href":"https:\/\/hestiasesores.com\/es\/wp-json\/wp\/v2\/users\/2"}],"replies":[{"embeddable":true,"href":"https:\/\/hestiasesores.com\/es\/wp-json\/wp\/v2\/comments?post=33879"}],"version-history":[{"count":3,"href":"https:\/\/hestiasesores.com\/es\/wp-json\/wp\/v2\/pages\/33879\/revisions"}],"predecessor-version":[{"id":33894,"href":"https:\/\/hestiasesores.com\/es\/wp-json\/wp\/v2\/pages\/33879\/revisions\/33894"}],"wp:attachment":[{"href":"https:\/\/hestiasesores.com\/es\/wp-json\/wp\/v2\/media?parent=33879"}],"curies":[{"name":"wp","href":"https:\/\/api.w.org\/{rel}","templated":true}]}}